{"id":83,"date":"2015-05-25T17:33:30","date_gmt":"2015-05-25T21:33:30","guid":{"rendered":"http:\/\/aaa.phil-dev.ca\/young-quebecers-leading-the-way-award-2\/"},"modified":"2024-07-26T13:57:01","modified_gmt":"2024-07-26T17:57:01","slug":"young-quebecers-leading-the-way-award","status":"publish","type":"page","link":"https:\/\/www.notrehome-qc.ca\/fr\/","title":{"rendered":"Accueil"},"content":{"rendered":"<h2>Que sommes-nous?<\/h2>\n<p><strong>Fondation Notre Home Foundation<\/strong> est une fondation de bienfaisance enregistr\u00e9e qui recueille des fonds pour soutenir les initiatives de groupes et d&rsquo;organismes qui encouragent, am\u00e9liorent et renforcent la communaut\u00e9 d&rsquo;expression anglaise du Qu\u00e9bec.<\/p>\n<p><a href=\"https:\/\/www.notrehome-qc.ca\/wp-content\/uploads\/2015\/05\/GoldbloomAwards.jpg\"><img loading=\"lazy\" decoding=\"async\" class=\"alignleft wp-image-918 size-full\" src=\"https:\/\/www.notrehome-qc.ca\/wp-content\/uploads\/2015\/05\/GoldbloomAwards.jpg\" alt=\"\" width=\"1500\" height=\"644\" srcset=\"https:\/\/www.notrehome-qc.ca\/wp-content\/uploads\/2015\/05\/GoldbloomAwards.jpg 1500w, https:\/\/www.notrehome-qc.ca\/wp-content\/uploads\/2015\/05\/GoldbloomAwards-300x129.jpg 300w, https:\/\/www.notrehome-qc.ca\/wp-content\/uploads\/2015\/05\/GoldbloomAwards-768x330.jpg 768w, https:\/\/www.notrehome-qc.ca\/wp-content\/uploads\/2015\/05\/GoldbloomAwards-1024x440.jpg 1024w, https:\/\/www.notrehome-qc.ca\/wp-content\/uploads\/2015\/05\/GoldbloomAwards-220x94.jpg 220w, https:\/\/www.notrehome-qc.ca\/wp-content\/uploads\/2015\/05\/GoldbloomAwards-187x80.jpg 187w, https:\/\/www.notrehome-qc.ca\/wp-content\/uploads\/2015\/05\/GoldbloomAwards-453x194.jpg 453w\" sizes=\"auto, (max-width: 1500px) 100vw, 1500px\" \/><\/a><\/p>\n<h2><\/h2>\n<h2><\/h2>\n<h1><\/h1>\n<h1><\/h1>\n<h2><\/h2>\n<h2>Notre vision<\/h2>\n<p><strong>Notre<\/strong> <strong>vision <\/strong>est d&rsquo;aider \u00e0 cr\u00e9er un Qu\u00e9bec inclusif, prosp\u00e8re et dynamique, o\u00f9 les Qu\u00e9b\u00e9cois d&rsquo;expression anglaise sont engag\u00e9s, se sentent bien accueillis et contribuent activement au d\u00e9veloppement de la province.<\/p>\n<h2>Notre mission<\/h2>\n<p>Notre mission consiste \u00e0 soutenir un Qu\u00e9bec inclusif et \u00e0 promouvoir la vitalit\u00e9 des communaut\u00e9s d&rsquo;expression anglaise du Qu\u00e9bec en finan\u00e7ant et soutenant des initiatives qui :<\/p>\n<ol>\n<li>font la promotion du civisme, de l\u2019engagement civique ou favorisent le d\u00e9veloppement du leadership;<\/li>\n<li>\u00e9tablissent un rapprochement et un dialogue entre la communaut\u00e9 majoritaire et les communaut\u00e9s minoritaires d&rsquo;expression anglaise du Qu\u00e9bec;<\/li>\n<li>effectuent des recherches sur les droits linguistiques de nos communaut\u00e9s minoritaires, en font la promotion, en informe la population et prot\u00e8gent et d\u00e9fendent ces droits;<\/li>\n<li>contribuent \u00e0 combler les lacunes identifi\u00e9es dans les services dont la communaut\u00e9 a besoin.<\/li>\n<\/ol>\n<p>Nous avons soutenu et entendons continuer \u00e0 soutenir des \u00e9v\u00e9nements inspirants, comme la remise du prix d\u2019excellence Victor et Sheila Goldbloom<u>,<\/u> qui rend hommage \u00e0 des citoyens et \u00e0 des dirigeants engag\u00e9s au sein de la communaut\u00e9 et reconna\u00eet leur exceptionnelle contribution.<\/p>\n<p><strong>Notre Home<\/strong> continuera \u00e0 mener et \u00e0 soutenir des activit\u00e9s promotionnelles qui encouragent le respect, l&rsquo;inclusion et la diversit\u00e9 au sein de la population qu\u00e9b\u00e9coise.<\/p>\n<p>Autre exemple\u00a0: la manifestation et le rassemblement, organis\u00e9s en 2022, contre l&rsquo;adoption du projet de loi 96 du Qu\u00e9bec. Cette l\u00e9gislation contient un certain nombre de mesures pr\u00e9judiciables pour la communaut\u00e9 d\u2019expression anglaise du Qu\u00e9bec.<\/p>\n<p><strong>Notre Home<\/strong>\u00a0cherche \u00e0 soutenir :<\/p>\n<ul>\n<li>Des initiatives c\u00e9l\u00e9brant les succ\u00e8s des membres de la communaut\u00e9;<\/li>\n<li>Des initiatives qui favorisent le rapprochement et le dialogue entre les communaut\u00e9s d\u2019expression fran\u00e7aise et d\u2019expression anglaise du Qu\u00e9bec;<\/li>\n<li>Les efforts visant \u00e0 encourager un plus grand engagement civique, comme la formation en leadership;<\/li>\n<li>Les initiatives de recherche sur les droits des minorit\u00e9s linguistiques;<\/li>\n<li>Les initiatives juridiques visant \u00e0 prot\u00e9ger les droits de la personne et les droits des minorit\u00e9s linguistiques;<\/li>\n<li>Toute initiative visant \u00e0 aider les membres de la communaut\u00e9 \u00e0 combler les lacunes dans les services dont ils ont besoin.<\/li>\n<\/ul>\n<p>Pour plus d\u2019informations<\/p>\n<a href='mailto:info@notre-homefoundation.com' class='small-button smallblue' target=\"_blank\">Contactez nous<\/a>\n","protected":false},"excerpt":{"rendered":"<p>Que sommes-nous? Fondation Notre Home Foundation est une fondation de bienfaisance enregistr\u00e9e qui recueille des fonds pour soutenir les initiatives de groupes et d&rsquo;organismes qui encouragent, am\u00e9liorent et renforcent la communaut\u00e9 d&rsquo;expression anglaise du Qu\u00e9bec. Notre vision Notre vision est d&rsquo;aider \u00e0 cr\u00e9er un Qu\u00e9bec inclusif, prosp\u00e8re et dynamique, o\u00f9 les Qu\u00e9b\u00e9cois d&rsquo;expression anglaise sont [&hellip;]<\/p>\n","protected":false},"author":1,"featured_media":834,"parent":0,"menu_order":0,"comment_status":"closed","ping_status":"closed","template":"page-full.php","meta":{"footnotes":""},"class_list":["post-83","page","type-page","status-publish","has-post-thumbnail","hentry"],"_links":{"self":[{"href":"https:\/\/www.notrehome-qc.ca\/fr\/wp-json\/wp\/v2\/pages\/83","targetHints":{"allow":["GET"]}}],"collection":[{"href":"https:\/\/www.notrehome-qc.ca\/fr\/wp-json\/wp\/v2\/pages"}],"about":[{"href":"https:\/\/www.notrehome-qc.ca\/fr\/wp-json\/wp\/v2\/types\/page"}],"author":[{"embeddable":true,"href":"https:\/\/www.notrehome-qc.ca\/fr\/wp-json\/wp\/v2\/users\/1"}],"replies":[{"embeddable":true,"href":"https:\/\/www.notrehome-qc.ca\/fr\/wp-json\/wp\/v2\/comments?post=83"}],"version-history":[{"count":17,"href":"https:\/\/www.notrehome-qc.ca\/fr\/wp-json\/wp\/v2\/pages\/83\/revisions"}],"predecessor-version":[{"id":1112,"href":"https:\/\/www.notrehome-qc.ca\/fr\/wp-json\/wp\/v2\/pages\/83\/revisions\/1112"}],"wp:featuredmedia":[{"embeddable":true,"href":"https:\/\/www.notrehome-qc.ca\/fr\/wp-json\/wp\/v2\/media\/834"}],"wp:attachment":[{"href":"https:\/\/www.notrehome-qc.ca\/fr\/wp-json\/wp\/v2\/media?parent=83"}],"curies":[{"name":"wp","href":"https:\/\/api.w.org\/{rel}","templated":true}]}}