{"id":159,"date":"2015-05-18T20:03:37","date_gmt":"2015-05-19T00:03:37","guid":{"rendered":"http:\/\/aaa.phil-dev.ca\/contact-us-2\/"},"modified":"2023-08-23T16:04:46","modified_gmt":"2023-08-23T20:04:46","slug":"nous-joindre","status":"publish","type":"page","link":"https:\/\/www.notrehome-qc.ca\/fr\/nous-joindre\/","title":{"rendered":"Nous joindre"},"content":{"rendered":"<h2>Fondation Notre Home Foundation<\/h2>\n<p>T\u00e9l\u00e9phone: <strong>514-375-2251<\/strong><\/p>\n<p>Courriel : <a href=\"mailto:info@notrehome-qc.ca\">info@notrehome-qc.ca<\/a><\/p>\n<h4>Adresse postale<br \/>\n1819 Ren\u00e9 L\u00e9vesque Blvd, Bureau\u00a0400<br \/>\nMontreal, (QC) H3H 2P5<\/h4>\n","protected":false},"excerpt":{"rendered":"<p>Fondation Notre Home Foundation T\u00e9l\u00e9phone: 514-375-2251 Courriel : info@notrehome-qc.ca Adresse postale 1819 Ren\u00e9 L\u00e9vesque Blvd, Bureau\u00a0400 Montreal, (QC) H3H 2P5<\/p>\n","protected":false},"author":1,"featured_media":0,"parent":0,"menu_order":0,"comment_status":"open","ping_status":"open","template":"page-full.php","meta":{"footnotes":""},"class_list":["post-159","page","type-page","status-publish","hentry"],"_links":{"self":[{"href":"https:\/\/www.notrehome-qc.ca\/fr\/wp-json\/wp\/v2\/pages\/159","targetHints":{"allow":["GET"]}}],"collection":[{"href":"https:\/\/www.notrehome-qc.ca\/fr\/wp-json\/wp\/v2\/pages"}],"about":[{"href":"https:\/\/www.notrehome-qc.ca\/fr\/wp-json\/wp\/v2\/types\/page"}],"author":[{"embeddable":true,"href":"https:\/\/www.notrehome-qc.ca\/fr\/wp-json\/wp\/v2\/users\/1"}],"replies":[{"embeddable":true,"href":"https:\/\/www.notrehome-qc.ca\/fr\/wp-json\/wp\/v2\/comments?post=159"}],"version-history":[{"count":6,"href":"https:\/\/www.notrehome-qc.ca\/fr\/wp-json\/wp\/v2\/pages\/159\/revisions"}],"predecessor-version":[{"id":1071,"href":"https:\/\/www.notrehome-qc.ca\/fr\/wp-json\/wp\/v2\/pages\/159\/revisions\/1071"}],"wp:attachment":[{"href":"https:\/\/www.notrehome-qc.ca\/fr\/wp-json\/wp\/v2\/media?parent=159"}],"curies":[{"name":"wp","href":"https:\/\/api.w.org\/{rel}","templated":true}]}}