{"id":150,"date":"2015-05-18T20:03:10","date_gmt":"2015-05-19T00:03:10","guid":{"rendered":"http:\/\/aaa.phil-dev.ca\/donate-2\/"},"modified":"2026-03-05T20:40:16","modified_gmt":"2026-03-06T01:40:16","slug":"faire-un-don","status":"publish","type":"page","link":"https:\/\/www.notrehome-qc.ca\/fr\/faire-un-don\/","title":{"rendered":"Dons et subventions"},"content":{"rendered":"<p><strong>La\u00a0Fondation Notre Home Foundation<\/strong> recueille des fonds pour contribuer aux initiatives de groupes et d&rsquo;organismes qui permettent de renforcer la communaut\u00e9 d\u2019expression anglaise du Qu\u00e9bec. <span style=\"text-decoration: underline;\">La Fondation Notre Home Foundation est un organisme\u00a0de bienfaisance enregistr\u00e9 qui peut \u00e9mettre des re\u00e7us officiels pour les dons de 25 $ et plus.<\/span><\/p>\n<p>L&rsquo;un des objectifs de Notre Home consiste \u00e0 \u00e9tablir un fonds de dotation afin de fournir un revenu annuel pour soutenir notre programme de subventions offert aux organismes admissibles \u00e0 recevoir ces fonds.<\/p>\n<p><strong>Si vous souhaitez faire un don \u00e0 la Fondation Notre Home, vous pouvez le faire par ch\u00e8que ou par virement bancaire, ou vous pouvez faire un don en ligne via CanaDon.<\/strong> Votre don sera affect\u00e9 \u00e0 l&rsquo;objectif que vous avez choisi au moment de votre don, sous r\u00e9serve de frais administratifs pouvant aller jusqu&rsquo;\u00e0 7 % du montant net que nous recevons. Par exemple, si vous faites un don de 100 $ par ch\u00e8que, 7 % seront pr\u00e9lev\u00e9s pour les frais administratifs et g\u00e9n\u00e9raux. Si vous faites un don par l&rsquo;interm\u00e9diaire de CanaDon, nous recevons 96 $ apr\u00e8s les frais de transaction, et 7 % de ces 96 $ seront consacr\u00e9s aux frais administratifs et g\u00e9n\u00e9raux.<\/p>\n<p><strong>Pour obtenir plus d\u2019informations ou pour faire un don<\/strong> au fonds de dotation op\u00e9rationnel, <a href=\"mailto:info@notrehome-qc.ca\">veuillez nous contacter par courriel,<\/a> ou appelez <strong>514-375-2251<\/strong> ou envoyer votre ch\u00e8que au 1819, boulevard Ren\u00e9-L\u00e9vesque Ouest, bureau 400, MTL (QC), H3H 2P5\u00a0 pour plus de d\u00e9tails.<\/p>\n<p>&nbsp;<\/p>\n<p><script id=\"ch_cdn_embed\" src=\"https:\/\/www.canadahelps.org\/secure\/js\/cdf_embed.2.js\" type=\"text\/javascript\" charset=\"utf-8\" data-language=\"fr\" data-page-id=\"24331\" data-root-url=\"https:\/\/www.canadahelps.org\" data-formtype=\"0\" data-cfasync=\"false\"><\/script><\/p>\n<h4>Faire un don par la poste<\/h4>\n<p>T\u00e9l\u00e9chargez notre <a href=\"https:\/\/www.notrehome-qc.ca\/wp-content\/uploads\/2026\/03\/Notre_Home-Formulaire-de-don-Francais.pdf\" target=\"_blank\" rel=\"noopener\">formulaire de don (PDF)<\/a><\/p>\n<p>Merci de libeller votre ch\u00e8que \u00e0 :<\/p>\n<p style=\"padding-left: 30px;\">Fondation Notre Home Foundation<br \/>\n1819, boul. Ren\u00e9 L\u00e9vesque, suite 400<br \/>\nMontr\u00e9al, Qu\u00e9bec H3H 2P5<\/p>\n<p>Si vous souhaitez obtenir plus de renseignements sur comment verser un don \u00e0 la Fondation, <a href=\"mailto:info@notrehome-qc.ca\" target=\"_blank\" rel=\"noopener\">communiquez avec nous<\/a> et un membre b\u00e9n\u00e9vole de notre conseil d\u2019administration sera heureux de vous aider.<\/p>\n","protected":false},"excerpt":{"rendered":"<p>La\u00a0Fondation Notre Home Foundation recueille des fonds pour contribuer aux initiatives de groupes et d&rsquo;organismes qui permettent de renforcer la communaut\u00e9 d\u2019expression anglaise du Qu\u00e9bec. La Fondation Notre Home Foundation est un organisme\u00a0de bienfaisance enregistr\u00e9 qui peut \u00e9mettre des re\u00e7us officiels pour les dons de 25 $ et plus. L&rsquo;un des objectifs de Notre Home [&hellip;]<\/p>\n","protected":false},"author":1,"featured_media":0,"parent":0,"menu_order":0,"comment_status":"open","ping_status":"open","template":"page-full.php","meta":{"footnotes":""},"class_list":["post-150","page","type-page","status-publish","hentry"],"_links":{"self":[{"href":"https:\/\/www.notrehome-qc.ca\/fr\/wp-json\/wp\/v2\/pages\/150","targetHints":{"allow":["GET"]}}],"collection":[{"href":"https:\/\/www.notrehome-qc.ca\/fr\/wp-json\/wp\/v2\/pages"}],"about":[{"href":"https:\/\/www.notrehome-qc.ca\/fr\/wp-json\/wp\/v2\/types\/page"}],"author":[{"embeddable":true,"href":"https:\/\/www.notrehome-qc.ca\/fr\/wp-json\/wp\/v2\/users\/1"}],"replies":[{"embeddable":true,"href":"https:\/\/www.notrehome-qc.ca\/fr\/wp-json\/wp\/v2\/comments?post=150"}],"version-history":[{"count":25,"href":"https:\/\/www.notrehome-qc.ca\/fr\/wp-json\/wp\/v2\/pages\/150\/revisions"}],"predecessor-version":[{"id":1245,"href":"https:\/\/www.notrehome-qc.ca\/fr\/wp-json\/wp\/v2\/pages\/150\/revisions\/1245"}],"wp:attachment":[{"href":"https:\/\/www.notrehome-qc.ca\/fr\/wp-json\/wp\/v2\/media?parent=150"}],"curies":[{"name":"wp","href":"https:\/\/api.w.org\/{rel}","templated":true}]}}