{"id":1157,"date":"2025-04-25T14:55:53","date_gmt":"2025-04-25T18:55:53","guid":{"rendered":"https:\/\/www.notrehome-qc.ca\/?page_id=1157"},"modified":"2026-03-05T20:42:46","modified_gmt":"2026-03-06T01:42:46","slug":"soutenir-les-initiatives-de-notre-home","status":"publish","type":"page","link":"https:\/\/www.notrehome-qc.ca\/fr\/soutenir-les-initiatives-de-notre-home\/","title":{"rendered":"Soutenir les initiatives de la Fondation Notre Home"},"content":{"rendered":"<p>La Fondation Notre Home Foundation est un organisme\u00a0de bienfaisance enregistr\u00e9 qui peut \u00e9mettre des re\u00e7us officiels pour les dons de 25 $ et plus.<\/p>\n<h4>Si vous souhaitez faire un don \u00e0 la Fondation Notre Home, vous pouvez le faire par la poste<\/h4>\n<p>T\u00e9l\u00e9chargez notre <a href=\"https:\/\/www.notrehome-qc.ca\/wp-content\/uploads\/2026\/03\/Soutenir-les-initiatives-de-Notre_Home-Formulaire-de-don-Francais.pdf\" target=\"_blank\" rel=\"noopener\">formulaire de don (PDF)<\/a><\/p>\n<p>Merci de libeller votre ch\u00e8que \u00e0 :<\/p>\n<p style=\"padding-left: 30px;\">Fondation Notre Home Foundation<br \/>\n1819, boul. Ren\u00e9 L\u00e9vesque, suite 400<br \/>\nMontr\u00e9al, Qu\u00e9bec H3H 2P5<\/p>\n<h4>Ou faire un don\u00a0via le formulaire de don en ligne ci-dessous<\/h4>\n<p><script id=\"ch_cdn_embed\" type=\"text\/javascript\" src=\"https:\/\/www.canadahelps.org\/secure\/js\/cdf_embed.2.js\" charSet=\"utf-8\" data-language=\"en\" data-page-id=\"124856\" data-root-url=\"https:\/\/www.canadahelps.org\" data-formtype=\"0\" data-cfasync=\"false\"><\/script><\/p>\n<p>Si vous souhaitez obtenir plus de renseignements sur comment verser un don \u00e0 la Fondation, <a href=\"mailto:info@notrehome-qc.ca\" target=\"_blank\" rel=\"noopener\">communiquez avec nous<\/a> et un membre b\u00e9n\u00e9vole de notre conseil d\u2019administration sera heureux de vous aider.<\/p>\n","protected":false},"excerpt":{"rendered":"<p>La Fondation Notre Home Foundation est un organisme\u00a0de bienfaisance enregistr\u00e9 qui peut \u00e9mettre des re\u00e7us officiels pour les dons de 25 $ et plus. Si vous souhaitez faire un don \u00e0 la Fondation Notre Home, vous pouvez le faire par la poste T\u00e9l\u00e9chargez notre formulaire de don (PDF) Merci de libeller votre ch\u00e8que \u00e0 : [&hellip;]<\/p>\n","protected":false},"author":16,"featured_media":0,"parent":0,"menu_order":0,"comment_status":"closed","ping_status":"closed","template":"page-full.php","meta":{"footnotes":""},"class_list":["post-1157","page","type-page","status-publish","hentry"],"_links":{"self":[{"href":"https:\/\/www.notrehome-qc.ca\/fr\/wp-json\/wp\/v2\/pages\/1157","targetHints":{"allow":["GET"]}}],"collection":[{"href":"https:\/\/www.notrehome-qc.ca\/fr\/wp-json\/wp\/v2\/pages"}],"about":[{"href":"https:\/\/www.notrehome-qc.ca\/fr\/wp-json\/wp\/v2\/types\/page"}],"author":[{"embeddable":true,"href":"https:\/\/www.notrehome-qc.ca\/fr\/wp-json\/wp\/v2\/users\/16"}],"replies":[{"embeddable":true,"href":"https:\/\/www.notrehome-qc.ca\/fr\/wp-json\/wp\/v2\/comments?post=1157"}],"version-history":[{"count":20,"href":"https:\/\/www.notrehome-qc.ca\/fr\/wp-json\/wp\/v2\/pages\/1157\/revisions"}],"predecessor-version":[{"id":1252,"href":"https:\/\/www.notrehome-qc.ca\/fr\/wp-json\/wp\/v2\/pages\/1157\/revisions\/1252"}],"wp:attachment":[{"href":"https:\/\/www.notrehome-qc.ca\/fr\/wp-json\/wp\/v2\/media?parent=1157"}],"curies":[{"name":"wp","href":"https:\/\/api.w.org\/{rel}","templated":true}]}}